{"id":420,"date":"2014-11-13T21:17:20","date_gmt":"2014-11-13T19:17:20","guid":{"rendered":"http:\/\/www.dorferneuerung-guntrams.at\/?page_id=420"},"modified":"2016-01-11T13:58:35","modified_gmt":"2016-01-11T12:58:35","slug":"chronik-2","status":"publish","type":"page","link":"https:\/\/www.dorferneuerung-guntrams.at\/?page_id=420","title":{"rendered":"Leitbild"},"content":{"rendered":"<p style=\"text-align: center;\"><strong><span style=\"color: #008000;\">LEITBILD<\/span><\/strong><\/p>\n<p style=\"text-align: center;\"><strong><span style=\"color: #008000;\">DORFERNEUERUNG GUNTRAMS<\/span><\/strong><\/p>\n<p style=\"text-align: justify;\">&#8222;Die Guntramser f\u00fcr Guntrams&#8220; &#8211;\u00a0 Unter diesem Motto hat sich im Oktober und November 2007 die Bev\u00f6lkerung von Guntrams zusammengesetzt und den Verein &#8222;Dorferneuerung Guntrams&#8220; gegr\u00fcndet.<\/p>\n<p style=\"text-align: justify;\">Der Verein nimmt die M\u00f6glichkeit wahr, aktiv den Ortsteil Guntrams zu gestalten und gemeinsam mit der Gemeinde Schwarzau\u00a0am Steinfeld Projekte zu initiieren und umzusetzen. Alle Themen, die helfen Guntrams zu beleben oder zu versch\u00f6nern &#8211; einfach lebenswerter zu machen &#8211; sind Themen und Verpflichtung f\u00fcr die Dorferneuerung.<\/p>\n<p style=\"text-align: justify;\">Obmann Johannes Seidl\u00a0und Obmann-Stellvertreter Ingrid Weber und Richard Kammerer f\u00fchren den Verein. Nat\u00fcrlich sind alle Guntramser eingeladen, Vorschl\u00e4ge einzubringen, aber auch aktiv mitzugestalten an der weiteren Entwicklung von Guntrams.<\/p>\n<h1 style=\"text-align: center;\"><\/h1>\n<p style=\"text-align: justify;\">\n","protected":false},"excerpt":{"rendered":"<p>LEITBILD DORFERNEUERUNG GUNTRAMS &#8222;Die Guntramser f\u00fcr Guntrams&#8220; &#8211;\u00a0 Unter diesem Motto hat sich im Oktober und November 2007 die Bev\u00f6lkerung von Guntrams zusammengesetzt und den Verein &#8222;Dorferneuerung Guntrams&#8220; gegr\u00fcndet. Der Verein nimmt die M\u00f6glichkeit wahr, aktiv den Ortsteil Guntrams zu gestalten und gemeinsam mit der Gemeinde Schwarzau\u00a0am Steinfeld Projekte zu initiieren und umzusetzen. Alle Themen, &hellip; <a href=\"https:\/\/www.dorferneuerung-guntrams.at\/?page_id=420\" class=\"more-link\"><span class=\"screen-reader-text\">Leitbild<\/span> weiterlesen <span class=\"meta-nav\">&rarr;<\/span><\/a><\/p>\n","protected":false},"author":1,"featured_media":0,"parent":1377,"menu_order":1,"comment_status":"closed","ping_status":"closed","template":"","meta":{"ngg_post_thumbnail":0,"footnotes":""},"_links":{"self":[{"href":"https:\/\/www.dorferneuerung-guntrams.at\/index.php?rest_route=\/wp\/v2\/pages\/420"}],"collection":[{"href":"https:\/\/www.dorferneuerung-guntrams.at\/index.php?rest_route=\/wp\/v2\/pages"}],"about":[{"href":"https:\/\/www.dorferneuerung-guntrams.at\/index.php?rest_route=\/wp\/v2\/types\/page"}],"author":[{"embeddable":true,"href":"https:\/\/www.dorferneuerung-guntrams.at\/index.php?rest_route=\/wp\/v2\/users\/1"}],"replies":[{"embeddable":true,"href":"https:\/\/www.dorferneuerung-guntrams.at\/index.php?rest_route=%2Fwp%2Fv2%2Fcomments&post=420"}],"version-history":[{"count":13,"href":"https:\/\/www.dorferneuerung-guntrams.at\/index.php?rest_route=\/wp\/v2\/pages\/420\/revisions"}],"predecessor-version":[{"id":2685,"href":"https:\/\/www.dorferneuerung-guntrams.at\/index.php?rest_route=\/wp\/v2\/pages\/420\/revisions\/2685"}],"up":[{"embeddable":true,"href":"https:\/\/www.dorferneuerung-guntrams.at\/index.php?rest_route=\/wp\/v2\/pages\/1377"}],"wp:attachment":[{"href":"https:\/\/www.dorferneuerung-guntrams.at\/index.php?rest_route=%2Fwp%2Fv2%2Fmedia&parent=420"}],"curies":[{"name":"wp","href":"https:\/\/api.w.org\/{rel}","templated":true}]}}