{"id":13,"date":"2014-02-05T16:03:05","date_gmt":"2014-02-05T14:03:05","guid":{"rendered":"http:\/\/www.dorferneuerung-guntrams.at\/?page_id=13"},"modified":"2025-04-21T11:22:44","modified_gmt":"2025-04-21T10:22:44","slug":"vorstand-2","status":"publish","type":"page","link":"https:\/\/www.dorferneuerung-guntrams.at\/?page_id=13","title":{"rendered":"Vorstand"},"content":{"rendered":"<p>&nbsp;<\/p>\n<table style=\"height: 889px;\" width=\"473\">\n<tbody>\n<tr>\n<td width=\"302\">&nbsp;<strong>Obmann<\/strong><br \/>\n<span style=\"color: #800000;\">Hannes Seidl<\/span><a href=\"http:\/\/www.dorferneuerung-guntrams.at\/wp-content\/uploads\/2014\/02\/kopie.jpg\"><img loading=\"lazy\" decoding=\"async\" class=\"  wp-image-1883 alignleft\" src=\"http:\/\/www.dorferneuerung-guntrams.at\/wp-content\/uploads\/2014\/02\/kopie.jpg\" alt=\"Hannes\" width=\"163\" height=\"221\" srcset=\"https:\/\/www.dorferneuerung-guntrams.at\/wp-content\/uploads\/2014\/02\/kopie.jpg 928w, https:\/\/www.dorferneuerung-guntrams.at\/wp-content\/uploads\/2014\/02\/kopie-222x300.jpg 222w, https:\/\/www.dorferneuerung-guntrams.at\/wp-content\/uploads\/2014\/02\/kopie-757x1024.jpg 757w\" sizes=\"(max-width: 163px) 100vw, 163px\" \/><\/a><\/td>\n<td width=\"302\"><strong>E-Mail:&nbsp;<a href=\"mailto:seidl.joh@gmail.com\"><u><span style=\"color: #0066cc;\"><strong><span style=\"color: #000080;\">seidl.joh@gmail.com<\/span><br \/>\n<\/strong><\/span><\/u><\/a><strong>Tel.Nr.: 0043\/660\/122 422 7<\/strong><\/strong><\/td>\n<\/tr>\n<tr>\n<td width=\"302\"><strong>Obmann Stellvertreterin<br \/>\n<\/strong><span style=\"color: #800000;\">Ingrid Weber<br \/>\n<a href=\"http:\/\/www.dorferneuerung-guntrams.at\/wp-content\/uploads\/2015\/06\/Ingrid0.jpg\"><img loading=\"lazy\" decoding=\"async\" class=\"  wp-image-1967 alignleft\" src=\"http:\/\/www.dorferneuerung-guntrams.at\/wp-content\/uploads\/2015\/06\/Ingrid0.jpg\" alt=\"Ingrid0\" width=\"170\" height=\"224\" srcset=\"https:\/\/www.dorferneuerung-guntrams.at\/wp-content\/uploads\/2015\/06\/Ingrid0.jpg 317w, https:\/\/www.dorferneuerung-guntrams.at\/wp-content\/uploads\/2015\/06\/Ingrid0-228x300.jpg 228w\" sizes=\"(max-width: 170px) 100vw, 170px\" \/><\/a><\/span><\/td>\n<td width=\"302\"><strong><strong>Tel.Nr.: 0043\/664\/1303377<\/strong><\/strong><\/td>\n<\/tr>\n<tr>\n<td width=\"302\"><strong>Obmann Stellvertreter&nbsp;&nbsp;&nbsp;&nbsp;&nbsp;&nbsp;&nbsp;&nbsp;&nbsp;&nbsp;&nbsp;&nbsp;&nbsp;&nbsp;&nbsp;&nbsp;&nbsp;&nbsp;<\/strong><br \/>\n<span style=\"color: #800000;\">Richard Kammerer<br \/>\n<\/span><a href=\"http:\/\/www.dorferneuerung-guntrams.at\/wp-content\/uploads\/2014\/02\/Richard.jpg\"><img loading=\"lazy\" decoding=\"async\" class=\"  wp-image-1882 alignleft\" src=\"http:\/\/www.dorferneuerung-guntrams.at\/wp-content\/uploads\/2014\/02\/Richard.jpg\" alt=\"Richard\" width=\"175\" height=\"220\" srcset=\"https:\/\/www.dorferneuerung-guntrams.at\/wp-content\/uploads\/2014\/02\/Richard.jpg 1169w, https:\/\/www.dorferneuerung-guntrams.at\/wp-content\/uploads\/2014\/02\/Richard-238x300.jpg 238w, https:\/\/www.dorferneuerung-guntrams.at\/wp-content\/uploads\/2014\/02\/Richard-813x1024.jpg 813w\" sizes=\"(max-width: 175px) 100vw, 175px\" \/><\/a><\/td>\n<td width=\"302\"><strong>E-Mail:&nbsp;<span style=\"color: #000080;\"><a style=\"color: #000080;\" href=\"mailto:richard.kammerer@aon.at\"><u>richard.kammerer@aon.at<\/u><\/a> <\/span>Tel.Nr.: 0043\/677\/61222166<\/strong><\/td>\n<\/tr>\n<tr>\n<td colspan=\"2\" width=\"302\">&nbsp;<\/td>\n<\/tr>\n<tr>\n<td width=\"302\"><strong>Kassier:&nbsp;<\/strong><br \/>\n<strong>Kassier-Stv.:&nbsp;<\/strong><br \/>\n<strong> Schriftf\u00fchrer:&nbsp;<\/strong><br \/>\n<strong> Schriftf\u00fchrer-Stv.:<\/strong><\/td>\n<td width=\"302\">Alois Horn<br \/>\nAnnemarie Kammerer<br \/>\nBianca Seidl<br \/>\nPetra Kaltenb\u00f6ck<\/td>\n<\/tr>\n<\/tbody>\n<\/table>\n<p style=\"text-align: left;\"><a href=\"https:\/\/www.dorferneuerung-guntrams.at\/?attachment_id=5421\" rel=\"attachment wp-att-5421\"><img loading=\"lazy\" decoding=\"async\" class=\"aligncenter  wp-image-5421\" src=\"https:\/\/www.dorferneuerung-guntrams.at\/wp-content\/uploads\/2024\/01\/IMG_20230912_180621-1-1.png\" alt=\"\" width=\"452\" height=\"339\" srcset=\"https:\/\/www.dorferneuerung-guntrams.at\/wp-content\/uploads\/2024\/01\/IMG_20230912_180621-1-1.png 3648w, https:\/\/www.dorferneuerung-guntrams.at\/wp-content\/uploads\/2024\/01\/IMG_20230912_180621-1-1-800x600.png 800w, https:\/\/www.dorferneuerung-guntrams.at\/wp-content\/uploads\/2024\/01\/IMG_20230912_180621-1-1-1024x768.png 1024w, https:\/\/www.dorferneuerung-guntrams.at\/wp-content\/uploads\/2024\/01\/IMG_20230912_180621-1-1-768x576.png 768w, https:\/\/www.dorferneuerung-guntrams.at\/wp-content\/uploads\/2024\/01\/IMG_20230912_180621-1-1-1536x1152.png 1536w, https:\/\/www.dorferneuerung-guntrams.at\/wp-content\/uploads\/2024\/01\/IMG_20230912_180621-1-1-2048x1536.png 2048w\" sizes=\"(max-width: 452px) 100vw, 452px\" \/><\/a><\/p>\n<p>&nbsp;<\/p>\n<p>&nbsp;<\/p>\n<p>&nbsp;<\/p>\n<p>&nbsp;<\/p>\n<p>&nbsp;<\/p>\n<p>&nbsp;<\/p>\n","protected":false},"excerpt":{"rendered":"<p>&nbsp; &nbsp;Obmann Hannes Seidl E-Mail:&nbsp;seidl.joh@gmail.com Tel.Nr.: 0043\/660\/122 422 7 Obmann Stellvertreterin Ingrid Weber Tel.Nr.: 0043\/664\/1303377 Obmann Stellvertreter&nbsp;&nbsp;&nbsp;&nbsp;&nbsp;&nbsp;&nbsp;&nbsp;&nbsp;&nbsp;&nbsp;&nbsp;&nbsp;&nbsp;&nbsp;&nbsp;&nbsp;&nbsp; Richard Kammerer E-Mail:&nbsp;richard.kammerer@aon.at Tel.Nr.: 0043\/677\/61222166 &nbsp; Kassier:&nbsp; Kassier-Stv.:&nbsp; Schriftf\u00fchrer:&nbsp; Schriftf\u00fchrer-Stv.: Alois Horn Annemarie Kammerer Bianca Seidl Petra Kaltenb\u00f6ck &nbsp; &nbsp; &nbsp; &nbsp; &nbsp; &nbsp;<\/p>\n","protected":false},"author":1,"featured_media":0,"parent":1377,"menu_order":2,"comment_status":"closed","ping_status":"closed","template":"","meta":{"ngg_post_thumbnail":0,"footnotes":""},"_links":{"self":[{"href":"https:\/\/www.dorferneuerung-guntrams.at\/index.php?rest_route=\/wp\/v2\/pages\/13"}],"collection":[{"href":"https:\/\/www.dorferneuerung-guntrams.at\/index.php?rest_route=\/wp\/v2\/pages"}],"about":[{"href":"https:\/\/www.dorferneuerung-guntrams.at\/index.php?rest_route=\/wp\/v2\/types\/page"}],"author":[{"embeddable":true,"href":"https:\/\/www.dorferneuerung-guntrams.at\/index.php?rest_route=\/wp\/v2\/users\/1"}],"replies":[{"embeddable":true,"href":"https:\/\/www.dorferneuerung-guntrams.at\/index.php?rest_route=%2Fwp%2Fv2%2Fcomments&post=13"}],"version-history":[{"count":32,"href":"https:\/\/www.dorferneuerung-guntrams.at\/index.php?rest_route=\/wp\/v2\/pages\/13\/revisions"}],"predecessor-version":[{"id":5766,"href":"https:\/\/www.dorferneuerung-guntrams.at\/index.php?rest_route=\/wp\/v2\/pages\/13\/revisions\/5766"}],"up":[{"embeddable":true,"href":"https:\/\/www.dorferneuerung-guntrams.at\/index.php?rest_route=\/wp\/v2\/pages\/1377"}],"wp:attachment":[{"href":"https:\/\/www.dorferneuerung-guntrams.at\/index.php?rest_route=%2Fwp%2Fv2%2Fmedia&parent=13"}],"curies":[{"name":"wp","href":"https:\/\/api.w.org\/{rel}","templated":true}]}}